{"id":270,"date":"2022-07-04T16:18:14","date_gmt":"2022-07-04T14:18:14","guid":{"rendered":"https:\/\/cotxesegonama.com\/index.php\/about\/"},"modified":"2023-05-25T17:47:57","modified_gmt":"2023-05-25T15:47:57","slug":"sobre-nosotros","status":"publish","type":"page","link":"https:\/\/cotxesegonama.com\/index.php\/sobre-nosotros\/","title":{"rendered":"Sobre nosotros"},"content":{"rendered":"\t\t<div data-elementor-type=\"wp-page\" data-elementor-id=\"270\" class=\"elementor elementor-270\">\n\t\t\t\t\t\t\t\t\t<section class=\"elementor-section elementor-top-section elementor-element elementor-element-e5a3157 elementor-section-boxed elementor-section-height-default elementor-section-height-default\" data-id=\"e5a3157\" data-element_type=\"section\" data-settings=\"{&quot;background_background&quot;:&quot;classic&quot;}\">\n\t\t\t\t\t\t<div class=\"elementor-container elementor-column-gap-no\">\n\t\t\t\t\t<div class=\"elementor-column elementor-col-100 elementor-top-column elementor-element elementor-element-1863ca0\" data-id=\"1863ca0\" data-element_type=\"column\">\n\t\t\t<div class=\"elementor-widget-wrap elementor-element-populated\">\n\t\t\t\t\t\t\t\t<div class=\"elementor-element elementor-element-2352c3b elementor-widget elementor-widget-heading\" data-id=\"2352c3b\" data-element_type=\"widget\" data-widget_type=\"heading.default\">\n\t\t\t\t<div class=\"elementor-widget-container\">\n\t\t\t<style>\/*! elementor - v3.13.3 - 22-05-2023 *\/\n.elementor-heading-title{padding:0;margin:0;line-height:1}.elementor-widget-heading .elementor-heading-title[class*=elementor-size-]>a{color:inherit;font-size:inherit;line-height:inherit}.elementor-widget-heading .elementor-heading-title.elementor-size-small{font-size:15px}.elementor-widget-heading .elementor-heading-title.elementor-size-medium{font-size:19px}.elementor-widget-heading .elementor-heading-title.elementor-size-large{font-size:29px}.elementor-widget-heading .elementor-heading-title.elementor-size-xl{font-size:39px}.elementor-widget-heading .elementor-heading-title.elementor-size-xxl{font-size:59px}<\/style><h1 class=\"elementor-heading-title elementor-size-default\">Sobre nosotros<\/h1>\t\t<\/div>\n\t\t\t\t<\/div>\n\t\t\t\t<div class=\"elementor-element elementor-element-a49b493 elementor-widget elementor-widget-heading\" data-id=\"a49b493\" data-element_type=\"widget\" data-widget_type=\"heading.default\">\n\t\t\t\t<div class=\"elementor-widget-container\">\n\t\t\t<h3 class=\"elementor-heading-title elementor-size-default\">Somos una empresa andorrana dedicada a la comprar y venta de coches de segunda mano de Andorra.<\/h3>\t\t<\/div>\n\t\t\t\t<\/div>\n\t\t\t\t\t<\/div>\n\t\t<\/div>\n\t\t\t\t\t\t\t<\/div>\n\t\t<\/section>\n\t\t\t\t<section class=\"elementor-section elementor-top-section elementor-element elementor-element-ab47fc3 elementor-section-boxed elementor-section-height-default elementor-section-height-default\" data-id=\"ab47fc3\" data-element_type=\"section\">\n\t\t\t\t\t\t<div class=\"elementor-container elementor-column-gap-no\">\n\t\t\t\t\t<div class=\"elementor-column elementor-col-100 elementor-top-column elementor-element elementor-element-5c02f17\" data-id=\"5c02f17\" data-element_type=\"column\">\n\t\t\t<div class=\"elementor-widget-wrap elementor-element-populated\">\n\t\t\t\t\t\t\t\t<div class=\"elementor-element elementor-element-aa8a37b elementor-widget elementor-widget-heading\" data-id=\"aa8a37b\" data-element_type=\"widget\" data-widget_type=\"heading.default\">\n\t\t\t\t<div class=\"elementor-widget-container\">\n\t\t\t<h6 class=\"elementor-heading-title elementor-size-default\">aportamos valor y confianza<\/h6>\t\t<\/div>\n\t\t\t\t<\/div>\n\t\t\t\t<div class=\"elementor-element elementor-element-78205d4 elementor-widget elementor-widget-heading\" data-id=\"78205d4\" data-element_type=\"widget\" data-widget_type=\"heading.default\">\n\t\t\t\t<div class=\"elementor-widget-container\">\n\t\t\t<h2 class=\"elementor-heading-title elementor-size-default\">\u00bfEn qu\u00e9 te puedo ayudar? Cont\u00e1ctame si quieres vender tu coche o cont\u00e1ctame si quieres comprar uno, te asesoro<\/h2>\t\t<\/div>\n\t\t\t\t<\/div>\n\t\t\t\t<div class=\"elementor-element elementor-element-1d2c009 elementor-widget elementor-widget-text-editor\" data-id=\"1d2c009\" data-element_type=\"widget\" data-widget_type=\"text-editor.default\">\n\t\t\t\t<div class=\"elementor-widget-container\">\n\t\t\t<style>\/*! elementor - v3.13.3 - 22-05-2023 *\/\n.elementor-widget-text-editor.elementor-drop-cap-view-stacked .elementor-drop-cap{background-color:#69727d;color:#fff}.elementor-widget-text-editor.elementor-drop-cap-view-framed .elementor-drop-cap{color:#69727d;border:3px solid;background-color:transparent}.elementor-widget-text-editor:not(.elementor-drop-cap-view-default) .elementor-drop-cap{margin-top:8px}.elementor-widget-text-editor:not(.elementor-drop-cap-view-default) .elementor-drop-cap-letter{width:1em;height:1em}.elementor-widget-text-editor .elementor-drop-cap{float:left;text-align:center;line-height:1;font-size:50px}.elementor-widget-text-editor .elementor-drop-cap-letter{display:inline-block}<\/style>\t\t\t\t<p>Te voy a ayudar en este viaje de la compra de un coche de segunda mano, soy un apasionado del mundo del motor y he recorrido este camino de la compra o venta de veh\u00edculos decenas de veces, siempre buscando un coche que cumpliesen mis necesidades seg\u00fan mi presupuesto. Despu\u00e9s de veinte a\u00f1os han pasado por mis manos mas de cuarenta coches, por lo que a estas alturas me considero un experto y puedo compartir contigo mi experiencia, \u00bftal vez pueda ayudarte?<\/p>\t\t\t\t\t\t<\/div>\n\t\t\t\t<\/div>\n\t\t\t\t\t<\/div>\n\t\t<\/div>\n\t\t\t\t\t\t\t<\/div>\n\t\t<\/section>\n\t\t\t\t\t\t\t<\/div>\n\t\t","protected":false},"excerpt":{"rendered":"<p>Sobre nosotros Somos una empresa andorrana dedicada a la comprar y venta de coches de segunda mano de Andorra. aportamos valor y confianza \u00bfEn qu\u00e9 te puedo ayudar? Cont\u00e1ctame si quieres vender tu coche o cont\u00e1ctame si quieres comprar uno, te asesoro Te voy a ayudar en este viaje de la compra de un coche &hellip;<\/p>\n<p class=\"read-more\"> <a class=\"\" href=\"https:\/\/cotxesegonama.com\/index.php\/sobre-nosotros\/\"> <span class=\"screen-reader-text\">Sobre nosotros<\/span> Leer m\u00e1s &raquo;<\/a><\/p>\n","protected":false},"author":1,"featured_media":0,"parent":0,"menu_order":0,"comment_status":"closed","ping_status":"closed","template":"","meta":{"site-sidebar-layout":"no-sidebar","site-content-layout":"page-builder","ast-global-header-display":"","ast-banner-title-visibility":"","ast-main-header-display":"","ast-hfb-above-header-display":"","ast-hfb-below-header-display":"","ast-hfb-mobile-header-display":"","site-post-title":"disabled","ast-breadcrumbs-content":"","ast-featured-img":"disabled","footer-sml-layout":"","theme-transparent-header-meta":"","adv-header-id-meta":"","stick-header-meta":"","header-above-stick-meta":"","header-main-stick-meta":"","header-below-stick-meta":"","footnotes":""},"class_list":["post-270","page","type-page","status-publish","hentry"],"yoast_head":"<!-- This site is optimized with the Yoast SEO plugin v25.3.1 - https:\/\/yoast.com\/wordpress\/plugins\/seo\/ -->\n<title>Sobre nosotros - Cotxesegonama.com<\/title>\n<meta name=\"robots\" content=\"index, follow, max-snippet:-1, max-image-preview:large, max-video-preview:-1\" \/>\n<link rel=\"canonical\" href=\"https:\/\/cotxesegonama.com\/index.php\/sobre-nosotros\/\" \/>\n<meta property=\"og:locale\" content=\"es_ES\" \/>\n<meta property=\"og:type\" content=\"article\" \/>\n<meta property=\"og:title\" content=\"Sobre nosotros - Cotxesegonama.com\" \/>\n<meta property=\"og:description\" content=\"Sobre nosotros Somos una empresa andorrana dedicada a la comprar y venta de coches de segunda mano de Andorra. aportamos valor y confianza \u00bfEn qu\u00e9 te puedo ayudar? Cont\u00e1ctame si quieres vender tu coche o cont\u00e1ctame si quieres comprar uno, te asesoro Te voy a ayudar en este viaje de la compra de un coche &hellip; Sobre nosotros Leer m\u00e1s &raquo;\" \/>\n<meta property=\"og:url\" content=\"https:\/\/cotxesegonama.com\/index.php\/sobre-nosotros\/\" \/>\n<meta property=\"og:site_name\" content=\"Cotxesegonama.com\" \/>\n<meta property=\"article:modified_time\" content=\"2023-05-25T15:47:57+00:00\" \/>\n<meta name=\"twitter:card\" content=\"summary_large_image\" \/>\n<meta name=\"twitter:label1\" content=\"Tiempo de lectura\" \/>\n\t<meta name=\"twitter:data1\" content=\"1 minuto\" \/>\n<script type=\"application\/ld+json\" class=\"yoast-schema-graph\">{\"@context\":\"https:\/\/schema.org\",\"@graph\":[{\"@type\":\"WebPage\",\"@id\":\"https:\/\/cotxesegonama.com\/index.php\/sobre-nosotros\/\",\"url\":\"https:\/\/cotxesegonama.com\/index.php\/sobre-nosotros\/\",\"name\":\"Sobre nosotros - Cotxesegonama.com\",\"isPartOf\":{\"@id\":\"https:\/\/cotxesegonama.com\/#website\"},\"datePublished\":\"2022-07-04T14:18:14+00:00\",\"dateModified\":\"2023-05-25T15:47:57+00:00\",\"breadcrumb\":{\"@id\":\"https:\/\/cotxesegonama.com\/index.php\/sobre-nosotros\/#breadcrumb\"},\"inLanguage\":\"es\",\"potentialAction\":[{\"@type\":\"ReadAction\",\"target\":[\"https:\/\/cotxesegonama.com\/index.php\/sobre-nosotros\/\"]}]},{\"@type\":\"BreadcrumbList\",\"@id\":\"https:\/\/cotxesegonama.com\/index.php\/sobre-nosotros\/#breadcrumb\",\"itemListElement\":[{\"@type\":\"ListItem\",\"position\":1,\"name\":\"Portada\",\"item\":\"https:\/\/cotxesegonama.com\/\"},{\"@type\":\"ListItem\",\"position\":2,\"name\":\"Sobre nosotros\"}]},{\"@type\":\"WebSite\",\"@id\":\"https:\/\/cotxesegonama.com\/#website\",\"url\":\"https:\/\/cotxesegonama.com\/\",\"name\":\"Cotxesegonama.com\",\"description\":\"Cotxesegonama.com by XO Autom\u00f2bils\",\"potentialAction\":[{\"@type\":\"SearchAction\",\"target\":{\"@type\":\"EntryPoint\",\"urlTemplate\":\"https:\/\/cotxesegonama.com\/?s={search_term_string}\"},\"query-input\":{\"@type\":\"PropertyValueSpecification\",\"valueRequired\":true,\"valueName\":\"search_term_string\"}}],\"inLanguage\":\"es\"}]}<\/script>\n<!-- \/ Yoast SEO plugin. -->","yoast_head_json":{"title":"Sobre nosotros - Cotxesegonama.com","robots":{"index":"index","follow":"follow","max-snippet":"max-snippet:-1","max-image-preview":"max-image-preview:large","max-video-preview":"max-video-preview:-1"},"canonical":"https:\/\/cotxesegonama.com\/index.php\/sobre-nosotros\/","og_locale":"es_ES","og_type":"article","og_title":"Sobre nosotros - Cotxesegonama.com","og_description":"Sobre nosotros Somos una empresa andorrana dedicada a la comprar y venta de coches de segunda mano de Andorra. aportamos valor y confianza \u00bfEn qu\u00e9 te puedo ayudar? Cont\u00e1ctame si quieres vender tu coche o cont\u00e1ctame si quieres comprar uno, te asesoro Te voy a ayudar en este viaje de la compra de un coche &hellip; Sobre nosotros Leer m\u00e1s &raquo;","og_url":"https:\/\/cotxesegonama.com\/index.php\/sobre-nosotros\/","og_site_name":"Cotxesegonama.com","article_modified_time":"2023-05-25T15:47:57+00:00","twitter_card":"summary_large_image","twitter_misc":{"Tiempo de lectura":"1 minuto"},"schema":{"@context":"https:\/\/schema.org","@graph":[{"@type":"WebPage","@id":"https:\/\/cotxesegonama.com\/index.php\/sobre-nosotros\/","url":"https:\/\/cotxesegonama.com\/index.php\/sobre-nosotros\/","name":"Sobre nosotros - Cotxesegonama.com","isPartOf":{"@id":"https:\/\/cotxesegonama.com\/#website"},"datePublished":"2022-07-04T14:18:14+00:00","dateModified":"2023-05-25T15:47:57+00:00","breadcrumb":{"@id":"https:\/\/cotxesegonama.com\/index.php\/sobre-nosotros\/#breadcrumb"},"inLanguage":"es","potentialAction":[{"@type":"ReadAction","target":["https:\/\/cotxesegonama.com\/index.php\/sobre-nosotros\/"]}]},{"@type":"BreadcrumbList","@id":"https:\/\/cotxesegonama.com\/index.php\/sobre-nosotros\/#breadcrumb","itemListElement":[{"@type":"ListItem","position":1,"name":"Portada","item":"https:\/\/cotxesegonama.com\/"},{"@type":"ListItem","position":2,"name":"Sobre nosotros"}]},{"@type":"WebSite","@id":"https:\/\/cotxesegonama.com\/#website","url":"https:\/\/cotxesegonama.com\/","name":"Cotxesegonama.com","description":"Cotxesegonama.com by XO Autom\u00f2bils","potentialAction":[{"@type":"SearchAction","target":{"@type":"EntryPoint","urlTemplate":"https:\/\/cotxesegonama.com\/?s={search_term_string}"},"query-input":{"@type":"PropertyValueSpecification","valueRequired":true,"valueName":"search_term_string"}}],"inLanguage":"es"}]}},"_links":{"self":[{"href":"https:\/\/cotxesegonama.com\/index.php\/wp-json\/wp\/v2\/pages\/270","targetHints":{"allow":["GET"]}}],"collection":[{"href":"https:\/\/cotxesegonama.com\/index.php\/wp-json\/wp\/v2\/pages"}],"about":[{"href":"https:\/\/cotxesegonama.com\/index.php\/wp-json\/wp\/v2\/types\/page"}],"author":[{"embeddable":true,"href":"https:\/\/cotxesegonama.com\/index.php\/wp-json\/wp\/v2\/users\/1"}],"replies":[{"embeddable":true,"href":"https:\/\/cotxesegonama.com\/index.php\/wp-json\/wp\/v2\/comments?post=270"}],"version-history":[{"count":34,"href":"https:\/\/cotxesegonama.com\/index.php\/wp-json\/wp\/v2\/pages\/270\/revisions"}],"predecessor-version":[{"id":1429,"href":"https:\/\/cotxesegonama.com\/index.php\/wp-json\/wp\/v2\/pages\/270\/revisions\/1429"}],"wp:attachment":[{"href":"https:\/\/cotxesegonama.com\/index.php\/wp-json\/wp\/v2\/media?parent=270"}],"curies":[{"name":"wp","href":"https:\/\/api.w.org\/{rel}","templated":true}]}}