{"id":1713,"date":"2023-12-24T11:52:02","date_gmt":"2023-12-24T10:52:02","guid":{"rendered":"https:\/\/cotxesegonama.com\/?post_type=product&#038;p=1713"},"modified":"2024-07-21T22:57:44","modified_gmt":"2024-07-21T20:57:44","slug":"bmw-320d","status":"publish","type":"product","link":"https:\/\/cotxesegonama.com\/index.php\/producto\/bmw-320d\/","title":{"rendered":"BMW Serie 3 LCI xDrive Touring 2016"},"content":{"rendered":"<p>BMW 320d LCI xDrive Touring 190CV<\/p>\n<p>BMW S\u00e8rie 3 en molt bon estat general amb 122.000 kil\u00f2metres.<br \/>\nManteniments a casa oficial i al dia.<br \/>\nUn sol propietari.<br \/>\nPaquet M, tracci\u00f3 a les 4 rodes, modes de conducci\u00f3, sensors d&#8217;aparcament davant i darrere, retrovisors foto cr\u00f2mics, fars led, navegador, seients amb calefacci\u00f3, paquet de maleter amb fixaci\u00f3 d&#8217;objectes i xarxa de separaci\u00f3&#8230; entre altres<br \/>\nLlandes 19 doble mida, pneum\u00e0tics en bon estat.<br \/>\nLliure d&#8217;accidents.<br \/>\nVenda exclusiu Principat d&#8217;Andorra.<\/p>\n<p><img loading=\"lazy\" decoding=\"async\" class=\"alignnone size-medium wp-image-1320\" src=\"https:\/\/cotxesegonama.com\/wp-content\/uploads\/2023\/05\/icon_tipus_1.gif\" alt=\"\" width=\"44\" height=\"34\" \/> familiar<\/p>\n<p><img loading=\"lazy\" decoding=\"async\" class=\"alignnone size-medium wp-image-1319\" src=\"https:\/\/cotxesegonama.com\/wp-content\/uploads\/2023\/05\/icon_tipus_2.gif\" alt=\"\" width=\"44\" height=\"34\" \/>5<\/p>\n<p><img loading=\"lazy\" decoding=\"async\" class=\"alignnone size-medium wp-image-1318\" src=\"https:\/\/cotxesegonama.com\/wp-content\/uploads\/2023\/05\/icon_tipus_3.gif\" alt=\"\" width=\"44\" height=\"34\" \/>5<\/p>\n<p><img loading=\"lazy\" decoding=\"async\" class=\"alignnone size-medium wp-image-1323\" src=\"https:\/\/cotxesegonama.com\/wp-content\/uploads\/2023\/05\/icon_tipus_7.gif\" alt=\"\" width=\"44\" height=\"34\" \/>Gasoil<\/p>\n<p><img loading=\"lazy\" decoding=\"async\" class=\"alignnone size-full wp-image-1315\" src=\"https:\/\/cotxesegonama.com\/wp-content\/uploads\/2023\/05\/icon_tipus_6.gif\" alt=\"\" width=\"44\" height=\"34\" \/>Manual<\/p>\n<p><img loading=\"lazy\" decoding=\"async\" class=\"alignnone size-full wp-image-1322\" src=\"https:\/\/cotxesegonama.com\/wp-content\/uploads\/2023\/05\/icon_tipus_8.gif\" alt=\"\" width=\"44\" height=\"34\" \/>190 cv<\/p>\n<p>Marca: BMW | Model0: <span class=\"hiddenGrammarError\">320d<\/span> <span class=\"hiddenSpellError\">LCI<\/span> <span class=\"hiddenSpellError\">xDrive<\/span> <span class=\"hiddenSpellError\">Touring 190CV <\/span>| KM: 122.000<span style=\"font-size: 16px;\"> | A\u00f1o: 2016<\/span><\/p>\n<h2><strong>Contacto:\u00a0<\/strong><\/h2>\n<p><a href=\"mailto:info@cotxesegonama.com?subject=Interesado%20en%20un%20coche\"><img loading=\"lazy\" decoding=\"async\" class=\" wp-image-1329 alignleft\" src=\"https:\/\/cotxesegonama.com\/wp-content\/uploads\/2023\/05\/contacte_2.gif\" alt=\"\" width=\"84\" height=\"69\" \/><\/a> <a href=\"https:\/\/wa.me\/376669002\"><img loading=\"lazy\" decoding=\"async\" class=\" wp-image-1330 alignleft\" src=\"https:\/\/cotxesegonama.com\/wp-content\/uploads\/2023\/05\/whatsapp_logo.gif\" alt=\"\" width=\"199\" height=\"65\" \/><\/a><\/p>\n<p>&nbsp;<\/p>\n<p>&nbsp;<\/p>\n<p>Si est\u00e1s interesado env\u00edame un WhatsApp o un correo electr\u00f3nico. Resulevo todas tus dudas o consultas.<\/p>\n","protected":false},"excerpt":{"rendered":"<p>BMW <span class=\"hiddenGrammarError\">320d<\/span> <span class=\"hiddenSpellError\">LCI<\/span> <span class=\"hiddenSpellError\">xDrive<\/span> <span class=\"hiddenSpellError\">Touring<\/span> <span class=\"hiddenGrammarError\">190CV amb 122.000 kil\u00f2metres.<\/span><\/p>\n","protected":false},"featured_media":1727,"template":"","meta":{"site-sidebar-layout":"default","site-content-layout":"default","ast-global-header-display":"","ast-banner-title-visibility":"","ast-main-header-display":"","ast-hfb-above-header-display":"","ast-hfb-below-header-display":"","ast-hfb-mobile-header-display":"","site-post-title":"","ast-breadcrumbs-content":"","ast-featured-img":"","footer-sml-layout":"","theme-transparent-header-meta":"default","adv-header-id-meta":"","stick-header-meta":"","header-above-stick-meta":"","header-main-stick-meta":"","header-below-stick-meta":""},"product_cat":[50],"product_tag":[],"class_list":["post-1713","product","type-product","status-publish","has-post-thumbnail","hentry","product_cat-coches-de-ocasion","desktop-align-left","tablet-align-left","mobile-align-left","ast-product-gallery-layout-horizontal-slider","ast-product-tabs-layout-horizontal","ast-qv-on-image"],"yoast_head":"<!-- This site is optimized with the Yoast SEO plugin v25.3.1 - https:\/\/yoast.com\/wordpress\/plugins\/seo\/ -->\n<title>BMW Serie 3 LCI xDrive Touring 2016 - Cotxesegonama.com<\/title>\n<meta name=\"description\" content=\"BMW S\u00e8rie 3 en molt bon estat general. Manteniments a casa oficial i al dia. Un sol propietari. Paquet M, tracci\u00f3 a les 4 rodes, modes de conducci\u00f3, sensors d&#039;aparcament davant i darrere, retrovisors foto cr\u00f2mics, fars led, navegador, seients amb calefacci\u00f3, paquet de maleter amb fixaci\u00f3 d&#039;objectes i xarxa de separaci\u00f3... entre altresLlandes 19 doble mida, pneum\u00e0tics en bon estat. Lliure d&#039;accidents.Venda exclusiu Principat d&#039;Andorra.\" \/>\n<meta name=\"robots\" content=\"index, follow, max-snippet:-1, max-image-preview:large, max-video-preview:-1\" \/>\n<link rel=\"canonical\" href=\"https:\/\/cotxesegonama.com\/index.php\/producto\/bmw-320d\/\" \/>\n<meta property=\"og:locale\" content=\"es_ES\" \/>\n<meta property=\"og:type\" content=\"article\" \/>\n<meta property=\"og:title\" content=\"BMW Serie 3 LCI xDrive Touring 2016 - Cotxesegonama.com\" \/>\n<meta property=\"og:description\" content=\"BMW S\u00e8rie 3 en molt bon estat general. Manteniments a casa oficial i al dia. Un sol propietari. Paquet M, tracci\u00f3 a les 4 rodes, modes de conducci\u00f3, sensors d&#039;aparcament davant i darrere, retrovisors foto cr\u00f2mics, fars led, navegador, seients amb calefacci\u00f3, paquet de maleter amb fixaci\u00f3 d&#039;objectes i xarxa de separaci\u00f3... entre altresLlandes 19 doble mida, pneum\u00e0tics en bon estat. Lliure d&#039;accidents.Venda exclusiu Principat d&#039;Andorra.\" \/>\n<meta property=\"og:url\" content=\"https:\/\/cotxesegonama.com\/index.php\/producto\/bmw-320d\/\" \/>\n<meta property=\"og:site_name\" content=\"Cotxesegonama.com\" \/>\n<meta property=\"article:modified_time\" content=\"2024-07-21T20:57:44+00:00\" \/>\n<meta property=\"og:image\" content=\"https:\/\/cotxesegonama.com\/wp-content\/uploads\/2023\/12\/i4926402459.jpg.webp\" \/>\n\t<meta property=\"og:image:width\" content=\"640\" \/>\n\t<meta property=\"og:image:height\" content=\"853\" \/>\n\t<meta property=\"og:image:type\" content=\"image\/webp\" \/>\n<meta name=\"twitter:card\" content=\"summary_large_image\" \/>\n<meta name=\"twitter:label1\" content=\"Tiempo de lectura\" \/>\n\t<meta name=\"twitter:data1\" content=\"3 minutos\" \/>\n<script type=\"application\/ld+json\" class=\"yoast-schema-graph\">{\"@context\":\"https:\/\/schema.org\",\"@graph\":[{\"@type\":\"WebPage\",\"@id\":\"https:\/\/cotxesegonama.com\/index.php\/producto\/bmw-320d\/\",\"url\":\"https:\/\/cotxesegonama.com\/index.php\/producto\/bmw-320d\/\",\"name\":\"BMW Serie 3 LCI xDrive Touring 2016 - Cotxesegonama.com\",\"isPartOf\":{\"@id\":\"https:\/\/cotxesegonama.com\/#website\"},\"primaryImageOfPage\":{\"@id\":\"https:\/\/cotxesegonama.com\/index.php\/producto\/bmw-320d\/#primaryimage\"},\"image\":{\"@id\":\"https:\/\/cotxesegonama.com\/index.php\/producto\/bmw-320d\/#primaryimage\"},\"thumbnailUrl\":\"https:\/\/cotxesegonama.com\/wp-content\/uploads\/2023\/12\/i4926402459.jpg.webp\",\"datePublished\":\"2023-12-24T10:52:02+00:00\",\"dateModified\":\"2024-07-21T20:57:44+00:00\",\"description\":\"BMW S\u00e8rie 3 en molt bon estat general. Manteniments a casa oficial i al dia. Un sol propietari. Paquet M, tracci\u00f3 a les 4 rodes, modes de conducci\u00f3, sensors d'aparcament davant i darrere, retrovisors foto cr\u00f2mics, fars led, navegador, seients amb calefacci\u00f3, paquet de maleter amb fixaci\u00f3 d'objectes i xarxa de separaci\u00f3... entre altresLlandes 19 doble mida, pneum\u00e0tics en bon estat. Lliure d'accidents.Venda exclusiu Principat d'Andorra.\",\"breadcrumb\":{\"@id\":\"https:\/\/cotxesegonama.com\/index.php\/producto\/bmw-320d\/#breadcrumb\"},\"inLanguage\":\"es\",\"potentialAction\":[{\"@type\":\"ReadAction\",\"target\":[\"https:\/\/cotxesegonama.com\/index.php\/producto\/bmw-320d\/\"]}]},{\"@type\":\"ImageObject\",\"inLanguage\":\"es\",\"@id\":\"https:\/\/cotxesegonama.com\/index.php\/producto\/bmw-320d\/#primaryimage\",\"url\":\"https:\/\/cotxesegonama.com\/wp-content\/uploads\/2023\/12\/i4926402459.jpg.webp\",\"contentUrl\":\"https:\/\/cotxesegonama.com\/wp-content\/uploads\/2023\/12\/i4926402459.jpg.webp\",\"width\":640,\"height\":853,\"caption\":\"BMW Serie 3 2016\"},{\"@type\":\"BreadcrumbList\",\"@id\":\"https:\/\/cotxesegonama.com\/index.php\/producto\/bmw-320d\/#breadcrumb\",\"itemListElement\":[{\"@type\":\"ListItem\",\"position\":1,\"name\":\"Portada\",\"item\":\"https:\/\/cotxesegonama.com\/\"},{\"@type\":\"ListItem\",\"position\":2,\"name\":\"Cat\u00e1logo\",\"item\":\"https:\/\/cotxesegonama.com\/\"},{\"@type\":\"ListItem\",\"position\":3,\"name\":\"BMW Serie 3 LCI xDrive Touring 2016\"}]},{\"@type\":\"WebSite\",\"@id\":\"https:\/\/cotxesegonama.com\/#website\",\"url\":\"https:\/\/cotxesegonama.com\/\",\"name\":\"Cotxesegonama.com\",\"description\":\"Cotxesegonama.com by XO Autom\u00f2bils\",\"potentialAction\":[{\"@type\":\"SearchAction\",\"target\":{\"@type\":\"EntryPoint\",\"urlTemplate\":\"https:\/\/cotxesegonama.com\/?s={search_term_string}\"},\"query-input\":{\"@type\":\"PropertyValueSpecification\",\"valueRequired\":true,\"valueName\":\"search_term_string\"}}],\"inLanguage\":\"es\"}]}<\/script>\n<!-- \/ Yoast SEO plugin. -->","yoast_head_json":{"title":"BMW Serie 3 LCI xDrive Touring 2016 - Cotxesegonama.com","description":"BMW S\u00e8rie 3 en molt bon estat general. Manteniments a casa oficial i al dia. Un sol propietari. Paquet M, tracci\u00f3 a les 4 rodes, modes de conducci\u00f3, sensors d'aparcament davant i darrere, retrovisors foto cr\u00f2mics, fars led, navegador, seients amb calefacci\u00f3, paquet de maleter amb fixaci\u00f3 d'objectes i xarxa de separaci\u00f3... entre altresLlandes 19 doble mida, pneum\u00e0tics en bon estat. Lliure d'accidents.Venda exclusiu Principat d'Andorra.","robots":{"index":"index","follow":"follow","max-snippet":"max-snippet:-1","max-image-preview":"max-image-preview:large","max-video-preview":"max-video-preview:-1"},"canonical":"https:\/\/cotxesegonama.com\/index.php\/producto\/bmw-320d\/","og_locale":"es_ES","og_type":"article","og_title":"BMW Serie 3 LCI xDrive Touring 2016 - Cotxesegonama.com","og_description":"BMW S\u00e8rie 3 en molt bon estat general. Manteniments a casa oficial i al dia. Un sol propietari. Paquet M, tracci\u00f3 a les 4 rodes, modes de conducci\u00f3, sensors d'aparcament davant i darrere, retrovisors foto cr\u00f2mics, fars led, navegador, seients amb calefacci\u00f3, paquet de maleter amb fixaci\u00f3 d'objectes i xarxa de separaci\u00f3... entre altresLlandes 19 doble mida, pneum\u00e0tics en bon estat. Lliure d'accidents.Venda exclusiu Principat d'Andorra.","og_url":"https:\/\/cotxesegonama.com\/index.php\/producto\/bmw-320d\/","og_site_name":"Cotxesegonama.com","article_modified_time":"2024-07-21T20:57:44+00:00","og_image":[{"width":640,"height":853,"url":"https:\/\/cotxesegonama.com\/wp-content\/uploads\/2023\/12\/i4926402459.jpg.webp","type":"image\/webp"}],"twitter_card":"summary_large_image","twitter_misc":{"Tiempo de lectura":"3 minutos"},"schema":{"@context":"https:\/\/schema.org","@graph":[{"@type":"WebPage","@id":"https:\/\/cotxesegonama.com\/index.php\/producto\/bmw-320d\/","url":"https:\/\/cotxesegonama.com\/index.php\/producto\/bmw-320d\/","name":"BMW Serie 3 LCI xDrive Touring 2016 - Cotxesegonama.com","isPartOf":{"@id":"https:\/\/cotxesegonama.com\/#website"},"primaryImageOfPage":{"@id":"https:\/\/cotxesegonama.com\/index.php\/producto\/bmw-320d\/#primaryimage"},"image":{"@id":"https:\/\/cotxesegonama.com\/index.php\/producto\/bmw-320d\/#primaryimage"},"thumbnailUrl":"https:\/\/cotxesegonama.com\/wp-content\/uploads\/2023\/12\/i4926402459.jpg.webp","datePublished":"2023-12-24T10:52:02+00:00","dateModified":"2024-07-21T20:57:44+00:00","description":"BMW S\u00e8rie 3 en molt bon estat general. Manteniments a casa oficial i al dia. Un sol propietari. Paquet M, tracci\u00f3 a les 4 rodes, modes de conducci\u00f3, sensors d'aparcament davant i darrere, retrovisors foto cr\u00f2mics, fars led, navegador, seients amb calefacci\u00f3, paquet de maleter amb fixaci\u00f3 d'objectes i xarxa de separaci\u00f3... entre altresLlandes 19 doble mida, pneum\u00e0tics en bon estat. Lliure d'accidents.Venda exclusiu Principat d'Andorra.","breadcrumb":{"@id":"https:\/\/cotxesegonama.com\/index.php\/producto\/bmw-320d\/#breadcrumb"},"inLanguage":"es","potentialAction":[{"@type":"ReadAction","target":["https:\/\/cotxesegonama.com\/index.php\/producto\/bmw-320d\/"]}]},{"@type":"ImageObject","inLanguage":"es","@id":"https:\/\/cotxesegonama.com\/index.php\/producto\/bmw-320d\/#primaryimage","url":"https:\/\/cotxesegonama.com\/wp-content\/uploads\/2023\/12\/i4926402459.jpg.webp","contentUrl":"https:\/\/cotxesegonama.com\/wp-content\/uploads\/2023\/12\/i4926402459.jpg.webp","width":640,"height":853,"caption":"BMW Serie 3 2016"},{"@type":"BreadcrumbList","@id":"https:\/\/cotxesegonama.com\/index.php\/producto\/bmw-320d\/#breadcrumb","itemListElement":[{"@type":"ListItem","position":1,"name":"Portada","item":"https:\/\/cotxesegonama.com\/"},{"@type":"ListItem","position":2,"name":"Cat\u00e1logo","item":"https:\/\/cotxesegonama.com\/"},{"@type":"ListItem","position":3,"name":"BMW Serie 3 LCI xDrive Touring 2016"}]},{"@type":"WebSite","@id":"https:\/\/cotxesegonama.com\/#website","url":"https:\/\/cotxesegonama.com\/","name":"Cotxesegonama.com","description":"Cotxesegonama.com by XO Autom\u00f2bils","potentialAction":[{"@type":"SearchAction","target":{"@type":"EntryPoint","urlTemplate":"https:\/\/cotxesegonama.com\/?s={search_term_string}"},"query-input":{"@type":"PropertyValueSpecification","valueRequired":true,"valueName":"search_term_string"}}],"inLanguage":"es"}]}},"_links":{"self":[{"href":"https:\/\/cotxesegonama.com\/index.php\/wp-json\/wp\/v2\/product\/1713","targetHints":{"allow":["GET"]}}],"collection":[{"href":"https:\/\/cotxesegonama.com\/index.php\/wp-json\/wp\/v2\/product"}],"about":[{"href":"https:\/\/cotxesegonama.com\/index.php\/wp-json\/wp\/v2\/types\/product"}],"version-history":[{"count":2,"href":"https:\/\/cotxesegonama.com\/index.php\/wp-json\/wp\/v2\/product\/1713\/revisions"}],"predecessor-version":[{"id":1737,"href":"https:\/\/cotxesegonama.com\/index.php\/wp-json\/wp\/v2\/product\/1713\/revisions\/1737"}],"wp:featuredmedia":[{"embeddable":true,"href":"https:\/\/cotxesegonama.com\/index.php\/wp-json\/wp\/v2\/media\/1727"}],"wp:attachment":[{"href":"https:\/\/cotxesegonama.com\/index.php\/wp-json\/wp\/v2\/media?parent=1713"}],"wp:term":[{"taxonomy":"product_cat","embeddable":true,"href":"https:\/\/cotxesegonama.com\/index.php\/wp-json\/wp\/v2\/product_cat?post=1713"},{"taxonomy":"product_tag","embeddable":true,"href":"https:\/\/cotxesegonama.com\/index.php\/wp-json\/wp\/v2\/product_tag?post=1713"}],"curies":[{"name":"wp","href":"https:\/\/api.w.org\/{rel}","templated":true}]}}