{"id":1738,"date":"2024-07-21T22:59:11","date_gmt":"2024-07-21T20:59:11","guid":{"rendered":"https:\/\/cotxesegonama.com\/?post_type=product&#038;p=1738"},"modified":"2024-07-21T23:07:48","modified_gmt":"2024-07-21T21:07:48","slug":"volkswagen-polo-2011-2","status":"publish","type":"product","link":"https:\/\/cotxesegonama.com\/index.php\/producto\/volkswagen-polo-2011-2\/","title":{"rendered":"VOLKSWAGEN Polo 2011"},"content":{"rendered":"<p>Volkswagen Polo 1.2 TDI<br \/>\nDistribuci\u00f3 acabada de fer.<br \/>\nRevisions al dia.<br \/>\nRodes davanteres noves, llantes d&#8217;alumini originals i canvi manual.<br \/>\nMol ben cuidat.<br \/>\nVenta exclusiva al Principat d&#8217;Andorra.<\/p>\n<p><img loading=\"lazy\" decoding=\"async\" class=\"alignnone size-medium wp-image-1320\" src=\"https:\/\/cotxesegonama.com\/wp-content\/uploads\/2023\/05\/icon_tipus_1.gif\" alt=\"\" width=\"44\" height=\"34\" \/> Utilitari<\/p>\n<p><img loading=\"lazy\" decoding=\"async\" class=\"alignnone size-medium wp-image-1319\" src=\"https:\/\/cotxesegonama.com\/wp-content\/uploads\/2023\/05\/icon_tipus_2.gif\" alt=\"\" width=\"44\" height=\"34\" \/>5<\/p>\n<p><img loading=\"lazy\" decoding=\"async\" class=\"alignnone size-medium wp-image-1318\" src=\"https:\/\/cotxesegonama.com\/wp-content\/uploads\/2023\/05\/icon_tipus_3.gif\" alt=\"\" width=\"44\" height=\"34\" \/>5<\/p>\n<p><img loading=\"lazy\" decoding=\"async\" class=\"alignnone size-medium wp-image-1323\" src=\"https:\/\/cotxesegonama.com\/wp-content\/uploads\/2023\/05\/icon_tipus_7.gif\" alt=\"\" width=\"44\" height=\"34\" \/>Gasoil<\/p>\n<p><img loading=\"lazy\" decoding=\"async\" class=\"alignnone size-full wp-image-1315\" src=\"https:\/\/cotxesegonama.com\/wp-content\/uploads\/2023\/05\/icon_tipus_6.gif\" alt=\"\" width=\"44\" height=\"34\" \/>Manual<\/p>\n<p><img loading=\"lazy\" decoding=\"async\" class=\"alignnone size-full wp-image-1322\" src=\"https:\/\/cotxesegonama.com\/wp-content\/uploads\/2023\/05\/icon_tipus_8.gif\" alt=\"\" width=\"44\" height=\"34\" \/>75 cv<\/p>\n<p>Marca: Volkswagen | Modelo: Polo | A\u00f1o: 2011 | Kil\u00f3metros: 35.000<\/p>\n<h2><strong>Contacto:\u00a0<\/strong><\/h2>\n<p><a href=\"mailto:info@cotxesegonama.com?subject=Interesado%20en%20un%20coche\"><img loading=\"lazy\" decoding=\"async\" class=\" wp-image-1329 alignleft\" src=\"https:\/\/cotxesegonama.com\/wp-content\/uploads\/2023\/05\/contacte_2.gif\" alt=\"\" width=\"84\" height=\"69\" \/><\/a> <a href=\"https:\/\/wa.me\/376669002\"><img loading=\"lazy\" decoding=\"async\" class=\" wp-image-1330 alignleft\" src=\"https:\/\/cotxesegonama.com\/wp-content\/uploads\/2023\/05\/whatsapp_logo.gif\" alt=\"\" width=\"199\" height=\"65\" \/><\/a><\/p>\n<p>&nbsp;<\/p>\n<p>&nbsp;<\/p>\n<p>Si est\u00e1s interesado env\u00edame un WhatsApp o un correo electr\u00f3nico. Resulevo todas tus dudas o consultas.<\/p>\n","protected":false},"excerpt":{"rendered":"<p>Volkswagen Polo 2011. 35.000 km<\/p>\n<h2><\/h2>\n","protected":false},"featured_media":1739,"template":"","meta":{"site-sidebar-layout":"default","site-content-layout":"default","ast-global-header-display":"","ast-banner-title-visibility":"","ast-main-header-display":"","ast-hfb-above-header-display":"","ast-hfb-below-header-display":"","ast-hfb-mobile-header-display":"","site-post-title":"","ast-breadcrumbs-content":"","ast-featured-img":"","footer-sml-layout":"","theme-transparent-header-meta":"default","adv-header-id-meta":"","stick-header-meta":"","header-above-stick-meta":"","header-main-stick-meta":"","header-below-stick-meta":""},"product_cat":[50],"product_tag":[64],"class_list":["post-1738","product","type-product","status-publish","has-post-thumbnail","hentry","product_cat-coches-de-ocasion","product_tag-volkswagen-polo-2011","desktop-align-left","tablet-align-left","mobile-align-left","ast-product-gallery-layout-horizontal-slider","ast-product-tabs-layout-horizontal","ast-qv-on-image"],"yoast_head":"<!-- This site is optimized with the Yoast SEO plugin v25.3.1 - https:\/\/yoast.com\/wordpress\/plugins\/seo\/ -->\n<title>VOLKSWAGEN Polo 2011 - Cotxesegonama.com<\/title>\n<meta name=\"description\" content=\"Volkswagen Polo 1.2 TDI\" \/>\n<meta name=\"robots\" content=\"index, follow, max-snippet:-1, max-image-preview:large, max-video-preview:-1\" \/>\n<link rel=\"canonical\" href=\"https:\/\/cotxesegonama.com\/index.php\/producto\/volkswagen-polo-2011-2\/\" \/>\n<meta property=\"og:locale\" content=\"es_ES\" \/>\n<meta property=\"og:type\" content=\"article\" \/>\n<meta property=\"og:title\" content=\"VOLKSWAGEN Polo 2011 - Cotxesegonama.com\" \/>\n<meta property=\"og:description\" content=\"Volkswagen Polo 1.2 TDI\" \/>\n<meta property=\"og:url\" content=\"https:\/\/cotxesegonama.com\/index.php\/producto\/volkswagen-polo-2011-2\/\" \/>\n<meta property=\"og:site_name\" content=\"Cotxesegonama.com\" \/>\n<meta property=\"article:modified_time\" content=\"2024-07-21T21:07:48+00:00\" \/>\n<meta property=\"og:image\" content=\"https:\/\/cotxesegonama.com\/wp-content\/uploads\/2024\/07\/i4766039837.jpg.webp\" \/>\n\t<meta property=\"og:image:width\" content=\"640\" \/>\n\t<meta property=\"og:image:height\" content=\"480\" \/>\n\t<meta property=\"og:image:type\" content=\"image\/webp\" \/>\n<meta name=\"twitter:card\" content=\"summary_large_image\" \/>\n<meta name=\"twitter:label1\" content=\"Tiempo de lectura\" \/>\n\t<meta name=\"twitter:data1\" content=\"3 minutos\" \/>\n<script type=\"application\/ld+json\" class=\"yoast-schema-graph\">{\"@context\":\"https:\/\/schema.org\",\"@graph\":[{\"@type\":\"WebPage\",\"@id\":\"https:\/\/cotxesegonama.com\/index.php\/producto\/volkswagen-polo-2011-2\/\",\"url\":\"https:\/\/cotxesegonama.com\/index.php\/producto\/volkswagen-polo-2011-2\/\",\"name\":\"VOLKSWAGEN Polo 2011 - Cotxesegonama.com\",\"isPartOf\":{\"@id\":\"https:\/\/cotxesegonama.com\/#website\"},\"primaryImageOfPage\":{\"@id\":\"https:\/\/cotxesegonama.com\/index.php\/producto\/volkswagen-polo-2011-2\/#primaryimage\"},\"image\":{\"@id\":\"https:\/\/cotxesegonama.com\/index.php\/producto\/volkswagen-polo-2011-2\/#primaryimage\"},\"thumbnailUrl\":\"https:\/\/cotxesegonama.com\/wp-content\/uploads\/2024\/07\/i4766039837.jpg.webp\",\"datePublished\":\"2024-07-21T20:59:11+00:00\",\"dateModified\":\"2024-07-21T21:07:48+00:00\",\"description\":\"Volkswagen Polo 1.2 TDI\",\"breadcrumb\":{\"@id\":\"https:\/\/cotxesegonama.com\/index.php\/producto\/volkswagen-polo-2011-2\/#breadcrumb\"},\"inLanguage\":\"es\",\"potentialAction\":[{\"@type\":\"ReadAction\",\"target\":[\"https:\/\/cotxesegonama.com\/index.php\/producto\/volkswagen-polo-2011-2\/\"]}]},{\"@type\":\"ImageObject\",\"inLanguage\":\"es\",\"@id\":\"https:\/\/cotxesegonama.com\/index.php\/producto\/volkswagen-polo-2011-2\/#primaryimage\",\"url\":\"https:\/\/cotxesegonama.com\/wp-content\/uploads\/2024\/07\/i4766039837.jpg.webp\",\"contentUrl\":\"https:\/\/cotxesegonama.com\/wp-content\/uploads\/2024\/07\/i4766039837.jpg.webp\",\"width\":640,\"height\":480,\"caption\":\"Volkswagen Polo 1.2 tdi\"},{\"@type\":\"BreadcrumbList\",\"@id\":\"https:\/\/cotxesegonama.com\/index.php\/producto\/volkswagen-polo-2011-2\/#breadcrumb\",\"itemListElement\":[{\"@type\":\"ListItem\",\"position\":1,\"name\":\"Portada\",\"item\":\"https:\/\/cotxesegonama.com\/\"},{\"@type\":\"ListItem\",\"position\":2,\"name\":\"Cat\u00e1logo\",\"item\":\"https:\/\/cotxesegonama.com\/\"},{\"@type\":\"ListItem\",\"position\":3,\"name\":\"VOLKSWAGEN Polo 2011\"}]},{\"@type\":\"WebSite\",\"@id\":\"https:\/\/cotxesegonama.com\/#website\",\"url\":\"https:\/\/cotxesegonama.com\/\",\"name\":\"Cotxesegonama.com\",\"description\":\"Cotxesegonama.com by XO Autom\u00f2bils\",\"potentialAction\":[{\"@type\":\"SearchAction\",\"target\":{\"@type\":\"EntryPoint\",\"urlTemplate\":\"https:\/\/cotxesegonama.com\/?s={search_term_string}\"},\"query-input\":{\"@type\":\"PropertyValueSpecification\",\"valueRequired\":true,\"valueName\":\"search_term_string\"}}],\"inLanguage\":\"es\"}]}<\/script>\n<!-- \/ Yoast SEO plugin. -->","yoast_head_json":{"title":"VOLKSWAGEN Polo 2011 - Cotxesegonama.com","description":"Volkswagen Polo 1.2 TDI","robots":{"index":"index","follow":"follow","max-snippet":"max-snippet:-1","max-image-preview":"max-image-preview:large","max-video-preview":"max-video-preview:-1"},"canonical":"https:\/\/cotxesegonama.com\/index.php\/producto\/volkswagen-polo-2011-2\/","og_locale":"es_ES","og_type":"article","og_title":"VOLKSWAGEN Polo 2011 - Cotxesegonama.com","og_description":"Volkswagen Polo 1.2 TDI","og_url":"https:\/\/cotxesegonama.com\/index.php\/producto\/volkswagen-polo-2011-2\/","og_site_name":"Cotxesegonama.com","article_modified_time":"2024-07-21T21:07:48+00:00","og_image":[{"width":640,"height":480,"url":"https:\/\/cotxesegonama.com\/wp-content\/uploads\/2024\/07\/i4766039837.jpg.webp","type":"image\/webp"}],"twitter_card":"summary_large_image","twitter_misc":{"Tiempo de lectura":"3 minutos"},"schema":{"@context":"https:\/\/schema.org","@graph":[{"@type":"WebPage","@id":"https:\/\/cotxesegonama.com\/index.php\/producto\/volkswagen-polo-2011-2\/","url":"https:\/\/cotxesegonama.com\/index.php\/producto\/volkswagen-polo-2011-2\/","name":"VOLKSWAGEN Polo 2011 - Cotxesegonama.com","isPartOf":{"@id":"https:\/\/cotxesegonama.com\/#website"},"primaryImageOfPage":{"@id":"https:\/\/cotxesegonama.com\/index.php\/producto\/volkswagen-polo-2011-2\/#primaryimage"},"image":{"@id":"https:\/\/cotxesegonama.com\/index.php\/producto\/volkswagen-polo-2011-2\/#primaryimage"},"thumbnailUrl":"https:\/\/cotxesegonama.com\/wp-content\/uploads\/2024\/07\/i4766039837.jpg.webp","datePublished":"2024-07-21T20:59:11+00:00","dateModified":"2024-07-21T21:07:48+00:00","description":"Volkswagen Polo 1.2 TDI","breadcrumb":{"@id":"https:\/\/cotxesegonama.com\/index.php\/producto\/volkswagen-polo-2011-2\/#breadcrumb"},"inLanguage":"es","potentialAction":[{"@type":"ReadAction","target":["https:\/\/cotxesegonama.com\/index.php\/producto\/volkswagen-polo-2011-2\/"]}]},{"@type":"ImageObject","inLanguage":"es","@id":"https:\/\/cotxesegonama.com\/index.php\/producto\/volkswagen-polo-2011-2\/#primaryimage","url":"https:\/\/cotxesegonama.com\/wp-content\/uploads\/2024\/07\/i4766039837.jpg.webp","contentUrl":"https:\/\/cotxesegonama.com\/wp-content\/uploads\/2024\/07\/i4766039837.jpg.webp","width":640,"height":480,"caption":"Volkswagen Polo 1.2 tdi"},{"@type":"BreadcrumbList","@id":"https:\/\/cotxesegonama.com\/index.php\/producto\/volkswagen-polo-2011-2\/#breadcrumb","itemListElement":[{"@type":"ListItem","position":1,"name":"Portada","item":"https:\/\/cotxesegonama.com\/"},{"@type":"ListItem","position":2,"name":"Cat\u00e1logo","item":"https:\/\/cotxesegonama.com\/"},{"@type":"ListItem","position":3,"name":"VOLKSWAGEN Polo 2011"}]},{"@type":"WebSite","@id":"https:\/\/cotxesegonama.com\/#website","url":"https:\/\/cotxesegonama.com\/","name":"Cotxesegonama.com","description":"Cotxesegonama.com by XO Autom\u00f2bils","potentialAction":[{"@type":"SearchAction","target":{"@type":"EntryPoint","urlTemplate":"https:\/\/cotxesegonama.com\/?s={search_term_string}"},"query-input":{"@type":"PropertyValueSpecification","valueRequired":true,"valueName":"search_term_string"}}],"inLanguage":"es"}]}},"_links":{"self":[{"href":"https:\/\/cotxesegonama.com\/index.php\/wp-json\/wp\/v2\/product\/1738","targetHints":{"allow":["GET"]}}],"collection":[{"href":"https:\/\/cotxesegonama.com\/index.php\/wp-json\/wp\/v2\/product"}],"about":[{"href":"https:\/\/cotxesegonama.com\/index.php\/wp-json\/wp\/v2\/types\/product"}],"version-history":[{"count":1,"href":"https:\/\/cotxesegonama.com\/index.php\/wp-json\/wp\/v2\/product\/1738\/revisions"}],"predecessor-version":[{"id":1748,"href":"https:\/\/cotxesegonama.com\/index.php\/wp-json\/wp\/v2\/product\/1738\/revisions\/1748"}],"wp:featuredmedia":[{"embeddable":true,"href":"https:\/\/cotxesegonama.com\/index.php\/wp-json\/wp\/v2\/media\/1739"}],"wp:attachment":[{"href":"https:\/\/cotxesegonama.com\/index.php\/wp-json\/wp\/v2\/media?parent=1738"}],"wp:term":[{"taxonomy":"product_cat","embeddable":true,"href":"https:\/\/cotxesegonama.com\/index.php\/wp-json\/wp\/v2\/product_cat?post=1738"},{"taxonomy":"product_tag","embeddable":true,"href":"https:\/\/cotxesegonama.com\/index.php\/wp-json\/wp\/v2\/product_tag?post=1738"}],"curies":[{"name":"wp","href":"https:\/\/api.w.org\/{rel}","templated":true}]}}