{"id":1749,"date":"2024-07-21T23:09:19","date_gmt":"2024-07-21T21:09:19","guid":{"rendered":"https:\/\/cotxesegonama.com\/?post_type=product&#038;p=1749"},"modified":"2024-07-21T23:20:54","modified_gmt":"2024-07-21T21:20:54","slug":"mini-jhon-cooper","status":"publish","type":"product","link":"https:\/\/cotxesegonama.com\/index.php\/producto\/mini-jhon-cooper\/","title":{"rendered":"MINI John Cooper Works Countryman ALL4"},"content":{"rendered":"<p>MINI John Cooper Works Countryman ALL4 <span class=\"hiddenGrammarError\">Autom\u00e0tic de <\/span><span class=\"hiddenGrammarError\">306CV i <\/span>33.000 km<br \/>\nMolt bon estat general.<br \/>\nManteniments oficials i al dia.<br \/>\nMolt equipat: Interior pell, seients Calefactats, Head Up Display, Control creuer adaptatiu, detecci\u00f3 de vianants i senyals de tr\u00e0nsit, Carrega inalambrica sense fils per tel\u00e8fons, Car play, control d&#8217;aparcament davant, darrere i c\u00e0mera, Sostre panor\u00e0mic, Retrovisors antienllumenament, Porta maleter autom\u00e0tica, vidres posteriors enfosquits de s\u00e8rie, Paquets Chili, Excitment, Sky, Driving Assyst plus, Carrils sostre negre brillant, Llanda 19, dip\u00f2sit carburant m\u00e9s gran, ho t\u00e9 gaireb\u00e9 tot.<br \/>\nJoc de rodes hivern extra Pirelli en bon estat.<br \/>\nVenda exclusiva PRINCIPAT D&#8217;ANDORRA.<\/p>\n<p><img loading=\"lazy\" decoding=\"async\" class=\"alignnone size-medium wp-image-1320\" src=\"https:\/\/cotxesegonama.com\/wp-content\/uploads\/2023\/05\/icon_tipus_1.gif\" alt=\"\" width=\"44\" height=\"34\" \/> familiar<\/p>\n<p><img loading=\"lazy\" decoding=\"async\" class=\"alignnone size-medium wp-image-1319\" src=\"https:\/\/cotxesegonama.com\/wp-content\/uploads\/2023\/05\/icon_tipus_2.gif\" alt=\"\" width=\"44\" height=\"34\" \/>5<\/p>\n<p><img loading=\"lazy\" decoding=\"async\" class=\"alignnone size-medium wp-image-1318\" src=\"https:\/\/cotxesegonama.com\/wp-content\/uploads\/2023\/05\/icon_tipus_3.gif\" alt=\"\" width=\"44\" height=\"34\" \/>5<\/p>\n<p><img loading=\"lazy\" decoding=\"async\" class=\"alignnone size-medium wp-image-1323\" src=\"https:\/\/cotxesegonama.com\/wp-content\/uploads\/2023\/05\/icon_tipus_7.gif\" alt=\"\" width=\"44\" height=\"34\" \/>Gasolina<\/p>\n<p><img loading=\"lazy\" decoding=\"async\" class=\"alignnone size-full wp-image-1315\" src=\"https:\/\/cotxesegonama.com\/wp-content\/uploads\/2023\/05\/icon_tipus_6.gif\" alt=\"\" width=\"44\" height=\"34\" \/>Autom\u00e0tic<\/p>\n<p><img loading=\"lazy\" decoding=\"async\" class=\"alignnone size-full wp-image-1322\" src=\"https:\/\/cotxesegonama.com\/wp-content\/uploads\/2023\/05\/icon_tipus_8.gif\" alt=\"\" width=\"44\" height=\"34\" \/>306 cv<\/p>\n<p>Marca: MINI | Modelo: John Cooper Works Countryman ALL4 <span class=\"hiddenGrammarError\">Autom\u00e0tic<\/span>\u00a0| A\u00f1o: 2019 | Kil\u00f3metros: 33.000<\/p>\n<h2><strong>Contacto:\u00a0<\/strong><\/h2>\n<p><a href=\"mailto:info@cotxesegonama.com?subject=Interesado%20en%20un%20coche\"><img loading=\"lazy\" decoding=\"async\" class=\" wp-image-1329 alignleft\" src=\"https:\/\/cotxesegonama.com\/wp-content\/uploads\/2023\/05\/contacte_2.gif\" alt=\"\" width=\"84\" height=\"69\" \/><\/a> <a href=\"https:\/\/wa.me\/376669002\"><img loading=\"lazy\" decoding=\"async\" class=\" wp-image-1330 alignleft\" src=\"https:\/\/cotxesegonama.com\/wp-content\/uploads\/2023\/05\/whatsapp_logo.gif\" alt=\"\" width=\"199\" height=\"65\" \/><\/a><\/p>\n<p>&nbsp;<\/p>\n<p>&nbsp;<\/p>\n<p>Si est\u00e1s interesado env\u00edame un WhatsApp o un correo electr\u00f3nico. Resulevo todas tus dudas o consultas.<\/p>\n","protected":false},"excerpt":{"rendered":"<p>MINI John Cooper Works Countryman ALL4 Aut 306CV 2019<\/p>\n","protected":false},"featured_media":1750,"template":"","meta":{"site-sidebar-layout":"default","site-content-layout":"default","ast-global-header-display":"","ast-banner-title-visibility":"","ast-main-header-display":"","ast-hfb-above-header-display":"","ast-hfb-below-header-display":"","ast-hfb-mobile-header-display":"","site-post-title":"","ast-breadcrumbs-content":"","ast-featured-img":"","footer-sml-layout":"","theme-transparent-header-meta":"default","adv-header-id-meta":"","stick-header-meta":"","header-above-stick-meta":"","header-main-stick-meta":"","header-below-stick-meta":""},"product_cat":[54],"product_tag":[61],"class_list":["post-1749","product","type-product","status-publish","has-post-thumbnail","hentry","product_cat-vendido","product_tag-mini-mini-r50-one-2004","desktop-align-left","tablet-align-left","mobile-align-left","ast-product-gallery-layout-horizontal-slider","ast-product-tabs-layout-horizontal","ast-qv-on-image"],"yoast_head":"<!-- This site is optimized with the Yoast SEO plugin v25.3.1 - https:\/\/yoast.com\/wordpress\/plugins\/seo\/ -->\n<title>MINI John Cooper Works Countryman ALL4<\/title>\n<meta name=\"description\" content=\"ESPECTACULAR MINI John Cooper Works Countryman ALL4 Aut 306CV any 2019\" \/>\n<meta name=\"robots\" content=\"index, follow, max-snippet:-1, max-image-preview:large, max-video-preview:-1\" \/>\n<link rel=\"canonical\" href=\"https:\/\/cotxesegonama.com\/index.php\/producto\/mini-jhon-cooper\/\" \/>\n<meta property=\"og:locale\" content=\"es_ES\" \/>\n<meta property=\"og:type\" content=\"article\" \/>\n<meta property=\"og:title\" content=\"MINI John Cooper Works Countryman ALL4\" \/>\n<meta property=\"og:description\" content=\"ESPECTACULAR MINI John Cooper Works Countryman ALL4 Aut 306CV any 2019\" \/>\n<meta property=\"og:url\" content=\"https:\/\/cotxesegonama.com\/index.php\/producto\/mini-jhon-cooper\/\" \/>\n<meta property=\"og:site_name\" content=\"Cotxesegonama.com\" \/>\n<meta property=\"article:modified_time\" content=\"2024-07-21T21:20:54+00:00\" \/>\n<meta property=\"og:image\" content=\"https:\/\/cotxesegonama.com\/wp-content\/uploads\/2024\/07\/i4934292147.jpg.webp\" \/>\n\t<meta property=\"og:image:width\" content=\"640\" \/>\n\t<meta property=\"og:image:height\" content=\"853\" \/>\n\t<meta property=\"og:image:type\" content=\"image\/webp\" \/>\n<meta name=\"twitter:card\" content=\"summary_large_image\" \/>\n<meta name=\"twitter:label1\" content=\"Tiempo de lectura\" \/>\n\t<meta name=\"twitter:data1\" content=\"3 minutos\" \/>\n<script type=\"application\/ld+json\" class=\"yoast-schema-graph\">{\"@context\":\"https:\/\/schema.org\",\"@graph\":[{\"@type\":\"WebPage\",\"@id\":\"https:\/\/cotxesegonama.com\/index.php\/producto\/mini-jhon-cooper\/\",\"url\":\"https:\/\/cotxesegonama.com\/index.php\/producto\/mini-jhon-cooper\/\",\"name\":\"MINI John Cooper Works Countryman ALL4\",\"isPartOf\":{\"@id\":\"https:\/\/cotxesegonama.com\/#website\"},\"primaryImageOfPage\":{\"@id\":\"https:\/\/cotxesegonama.com\/index.php\/producto\/mini-jhon-cooper\/#primaryimage\"},\"image\":{\"@id\":\"https:\/\/cotxesegonama.com\/index.php\/producto\/mini-jhon-cooper\/#primaryimage\"},\"thumbnailUrl\":\"https:\/\/cotxesegonama.com\/wp-content\/uploads\/2024\/07\/i4934292147.jpg.webp\",\"datePublished\":\"2024-07-21T21:09:19+00:00\",\"dateModified\":\"2024-07-21T21:20:54+00:00\",\"description\":\"ESPECTACULAR MINI John Cooper Works Countryman ALL4 Aut 306CV any 2019\",\"breadcrumb\":{\"@id\":\"https:\/\/cotxesegonama.com\/index.php\/producto\/mini-jhon-cooper\/#breadcrumb\"},\"inLanguage\":\"es\",\"potentialAction\":[{\"@type\":\"ReadAction\",\"target\":[\"https:\/\/cotxesegonama.com\/index.php\/producto\/mini-jhon-cooper\/\"]}]},{\"@type\":\"ImageObject\",\"inLanguage\":\"es\",\"@id\":\"https:\/\/cotxesegonama.com\/index.php\/producto\/mini-jhon-cooper\/#primaryimage\",\"url\":\"https:\/\/cotxesegonama.com\/wp-content\/uploads\/2024\/07\/i4934292147.jpg.webp\",\"contentUrl\":\"https:\/\/cotxesegonama.com\/wp-content\/uploads\/2024\/07\/i4934292147.jpg.webp\",\"width\":640,\"height\":853,\"caption\":\"MINI John Cooper Works Countryman ALL4 Aut\"},{\"@type\":\"BreadcrumbList\",\"@id\":\"https:\/\/cotxesegonama.com\/index.php\/producto\/mini-jhon-cooper\/#breadcrumb\",\"itemListElement\":[{\"@type\":\"ListItem\",\"position\":1,\"name\":\"Portada\",\"item\":\"https:\/\/cotxesegonama.com\/\"},{\"@type\":\"ListItem\",\"position\":2,\"name\":\"Cat\u00e1logo\",\"item\":\"https:\/\/cotxesegonama.com\/\"},{\"@type\":\"ListItem\",\"position\":3,\"name\":\"MINI John Cooper Works Countryman ALL4\"}]},{\"@type\":\"WebSite\",\"@id\":\"https:\/\/cotxesegonama.com\/#website\",\"url\":\"https:\/\/cotxesegonama.com\/\",\"name\":\"Cotxesegonama.com\",\"description\":\"Cotxesegonama.com by XO Autom\u00f2bils\",\"potentialAction\":[{\"@type\":\"SearchAction\",\"target\":{\"@type\":\"EntryPoint\",\"urlTemplate\":\"https:\/\/cotxesegonama.com\/?s={search_term_string}\"},\"query-input\":{\"@type\":\"PropertyValueSpecification\",\"valueRequired\":true,\"valueName\":\"search_term_string\"}}],\"inLanguage\":\"es\"}]}<\/script>\n<!-- \/ Yoast SEO plugin. -->","yoast_head_json":{"title":"MINI John Cooper Works Countryman ALL4","description":"ESPECTACULAR MINI John Cooper Works Countryman ALL4 Aut 306CV any 2019","robots":{"index":"index","follow":"follow","max-snippet":"max-snippet:-1","max-image-preview":"max-image-preview:large","max-video-preview":"max-video-preview:-1"},"canonical":"https:\/\/cotxesegonama.com\/index.php\/producto\/mini-jhon-cooper\/","og_locale":"es_ES","og_type":"article","og_title":"MINI John Cooper Works Countryman ALL4","og_description":"ESPECTACULAR MINI John Cooper Works Countryman ALL4 Aut 306CV any 2019","og_url":"https:\/\/cotxesegonama.com\/index.php\/producto\/mini-jhon-cooper\/","og_site_name":"Cotxesegonama.com","article_modified_time":"2024-07-21T21:20:54+00:00","og_image":[{"width":640,"height":853,"url":"https:\/\/cotxesegonama.com\/wp-content\/uploads\/2024\/07\/i4934292147.jpg.webp","type":"image\/webp"}],"twitter_card":"summary_large_image","twitter_misc":{"Tiempo de lectura":"3 minutos"},"schema":{"@context":"https:\/\/schema.org","@graph":[{"@type":"WebPage","@id":"https:\/\/cotxesegonama.com\/index.php\/producto\/mini-jhon-cooper\/","url":"https:\/\/cotxesegonama.com\/index.php\/producto\/mini-jhon-cooper\/","name":"MINI John Cooper Works Countryman ALL4","isPartOf":{"@id":"https:\/\/cotxesegonama.com\/#website"},"primaryImageOfPage":{"@id":"https:\/\/cotxesegonama.com\/index.php\/producto\/mini-jhon-cooper\/#primaryimage"},"image":{"@id":"https:\/\/cotxesegonama.com\/index.php\/producto\/mini-jhon-cooper\/#primaryimage"},"thumbnailUrl":"https:\/\/cotxesegonama.com\/wp-content\/uploads\/2024\/07\/i4934292147.jpg.webp","datePublished":"2024-07-21T21:09:19+00:00","dateModified":"2024-07-21T21:20:54+00:00","description":"ESPECTACULAR MINI John Cooper Works Countryman ALL4 Aut 306CV any 2019","breadcrumb":{"@id":"https:\/\/cotxesegonama.com\/index.php\/producto\/mini-jhon-cooper\/#breadcrumb"},"inLanguage":"es","potentialAction":[{"@type":"ReadAction","target":["https:\/\/cotxesegonama.com\/index.php\/producto\/mini-jhon-cooper\/"]}]},{"@type":"ImageObject","inLanguage":"es","@id":"https:\/\/cotxesegonama.com\/index.php\/producto\/mini-jhon-cooper\/#primaryimage","url":"https:\/\/cotxesegonama.com\/wp-content\/uploads\/2024\/07\/i4934292147.jpg.webp","contentUrl":"https:\/\/cotxesegonama.com\/wp-content\/uploads\/2024\/07\/i4934292147.jpg.webp","width":640,"height":853,"caption":"MINI John Cooper Works Countryman ALL4 Aut"},{"@type":"BreadcrumbList","@id":"https:\/\/cotxesegonama.com\/index.php\/producto\/mini-jhon-cooper\/#breadcrumb","itemListElement":[{"@type":"ListItem","position":1,"name":"Portada","item":"https:\/\/cotxesegonama.com\/"},{"@type":"ListItem","position":2,"name":"Cat\u00e1logo","item":"https:\/\/cotxesegonama.com\/"},{"@type":"ListItem","position":3,"name":"MINI John Cooper Works Countryman ALL4"}]},{"@type":"WebSite","@id":"https:\/\/cotxesegonama.com\/#website","url":"https:\/\/cotxesegonama.com\/","name":"Cotxesegonama.com","description":"Cotxesegonama.com by XO Autom\u00f2bils","potentialAction":[{"@type":"SearchAction","target":{"@type":"EntryPoint","urlTemplate":"https:\/\/cotxesegonama.com\/?s={search_term_string}"},"query-input":{"@type":"PropertyValueSpecification","valueRequired":true,"valueName":"search_term_string"}}],"inLanguage":"es"}]}},"_links":{"self":[{"href":"https:\/\/cotxesegonama.com\/index.php\/wp-json\/wp\/v2\/product\/1749","targetHints":{"allow":["GET"]}}],"collection":[{"href":"https:\/\/cotxesegonama.com\/index.php\/wp-json\/wp\/v2\/product"}],"about":[{"href":"https:\/\/cotxesegonama.com\/index.php\/wp-json\/wp\/v2\/types\/product"}],"version-history":[{"count":1,"href":"https:\/\/cotxesegonama.com\/index.php\/wp-json\/wp\/v2\/product\/1749\/revisions"}],"predecessor-version":[{"id":1760,"href":"https:\/\/cotxesegonama.com\/index.php\/wp-json\/wp\/v2\/product\/1749\/revisions\/1760"}],"wp:featuredmedia":[{"embeddable":true,"href":"https:\/\/cotxesegonama.com\/index.php\/wp-json\/wp\/v2\/media\/1750"}],"wp:attachment":[{"href":"https:\/\/cotxesegonama.com\/index.php\/wp-json\/wp\/v2\/media?parent=1749"}],"wp:term":[{"taxonomy":"product_cat","embeddable":true,"href":"https:\/\/cotxesegonama.com\/index.php\/wp-json\/wp\/v2\/product_cat?post=1749"},{"taxonomy":"product_tag","embeddable":true,"href":"https:\/\/cotxesegonama.com\/index.php\/wp-json\/wp\/v2\/product_tag?post=1749"}],"curies":[{"name":"wp","href":"https:\/\/api.w.org\/{rel}","templated":true}]}}