{"id":1761,"date":"2024-07-21T23:21:57","date_gmt":"2024-07-21T21:21:57","guid":{"rendered":"https:\/\/cotxesegonama.com\/?post_type=product&#038;p=1761"},"modified":"2024-07-21T23:29:47","modified_gmt":"2024-07-21T21:29:47","slug":"mercedes-benz","status":"publish","type":"product","link":"https:\/\/cotxesegonama.com\/index.php\/producto\/mercedes-benz\/","title":{"rendered":"Mercedes-Benz Citan 2020"},"content":{"rendered":"<p>Mercedes-Benz Citan any 2020<br \/>\nCotxe en molt bon estat, revisions i manteniment al dia<br \/>\nDe gasoil, poc consum<br \/>\nCarrega \u00fatil 1550 kg<br \/>\nDisposa de dues places i una porta lateral de desc\u00e0rrega.<br \/>\nMolt ben cuidat.<\/p>\n<p>Venda exclusiva al Principat d&#8217;Andorra<\/p>\n<p><img loading=\"lazy\" decoding=\"async\" class=\"alignnone size-medium wp-image-1320\" src=\"https:\/\/cotxesegonama.com\/wp-content\/uploads\/2023\/05\/icon_tipus_1.gif\" alt=\"\" width=\"44\" height=\"34\" \/> Van<\/p>\n<p><img loading=\"lazy\" decoding=\"async\" class=\"alignnone size-medium wp-image-1319\" src=\"https:\/\/cotxesegonama.com\/wp-content\/uploads\/2023\/05\/icon_tipus_2.gif\" alt=\"\" width=\"44\" height=\"34\" \/>2<\/p>\n<p><img loading=\"lazy\" decoding=\"async\" class=\"alignnone size-medium wp-image-1318\" src=\"https:\/\/cotxesegonama.com\/wp-content\/uploads\/2023\/05\/icon_tipus_3.gif\" alt=\"\" width=\"44\" height=\"34\" \/>4<\/p>\n<p><img loading=\"lazy\" decoding=\"async\" class=\"alignnone size-medium wp-image-1323\" src=\"https:\/\/cotxesegonama.com\/wp-content\/uploads\/2023\/05\/icon_tipus_7.gif\" alt=\"\" width=\"44\" height=\"34\" \/>Gasoil<\/p>\n<p><img loading=\"lazy\" decoding=\"async\" class=\"alignnone size-full wp-image-1315\" src=\"https:\/\/cotxesegonama.com\/wp-content\/uploads\/2023\/05\/icon_tipus_6.gif\" alt=\"\" width=\"44\" height=\"34\" \/>Manula<\/p>\n<p><img loading=\"lazy\" decoding=\"async\" class=\"alignnone size-full wp-image-1322\" src=\"https:\/\/cotxesegonama.com\/wp-content\/uploads\/2023\/05\/icon_tipus_8.gif\" alt=\"\" width=\"44\" height=\"34\" \/>95 cv<\/p>\n<p>Marca: Mercedes-Benz | Model0: Citan | KM: 45.500<span style=\"font-size: 16px;\"> | A\u00f1o: 2020<\/span><\/p>\n<h2><strong>Contacto:\u00a0<\/strong><\/h2>\n<p><a href=\"mailto:info@cotxesegonama.com?subject=Interesado%20en%20un%20coche\"><img loading=\"lazy\" decoding=\"async\" class=\" wp-image-1329 alignleft\" src=\"https:\/\/cotxesegonama.com\/wp-content\/uploads\/2023\/05\/contacte_2.gif\" alt=\"\" width=\"84\" height=\"69\" \/><\/a> <a href=\"https:\/\/wa.me\/376669002\"><img loading=\"lazy\" decoding=\"async\" class=\" wp-image-1330 alignleft\" src=\"https:\/\/cotxesegonama.com\/wp-content\/uploads\/2023\/05\/whatsapp_logo.gif\" alt=\"\" width=\"199\" height=\"65\" \/><\/a><\/p>\n<p>&nbsp;<\/p>\n<p>&nbsp;<\/p>\n<p>Si est\u00e1s interesado env\u00edame un WhatsApp o un correo electr\u00f3nico. Resulevo todas tus dudas o consultas.<\/p>\n","protected":false},"excerpt":{"rendered":"<p>Mercedes-Benz Citan 2020<\/p>\n","protected":false},"featured_media":1762,"template":"","meta":{"site-sidebar-layout":"default","site-content-layout":"default","ast-global-header-display":"","ast-banner-title-visibility":"","ast-main-header-display":"","ast-hfb-above-header-display":"","ast-hfb-below-header-display":"","ast-hfb-mobile-header-display":"","site-post-title":"","ast-breadcrumbs-content":"","ast-featured-img":"","footer-sml-layout":"","theme-transparent-header-meta":"default","adv-header-id-meta":"","stick-header-meta":"","header-above-stick-meta":"","header-main-stick-meta":"","header-below-stick-meta":""},"product_cat":[54],"product_tag":[69],"class_list":["post-1761","product","type-product","status-publish","has-post-thumbnail","hentry","product_cat-vendido","product_tag-mercedes-benz-glc-coupe-2019","desktop-align-left","tablet-align-left","mobile-align-left","ast-product-gallery-layout-horizontal-slider","ast-product-tabs-layout-horizontal","ast-qv-on-image"],"yoast_head":"<!-- This site is optimized with the Yoast SEO plugin v25.3.1 - https:\/\/yoast.com\/wordpress\/plugins\/seo\/ -->\n<title>Mercedes-Benz Citan 2020 - Cotxesegonama.com<\/title>\n<meta name=\"description\" content=\"Mercedes-Benz CitanMercedes Citan Cotxe en molt bon estat, revisions i manteniment al diaDe gasoil, poc consum Carrega \u00fatil 1550 kg Disposa de dues places i una porta lateral de desc\u00e0rrega\" \/>\n<meta name=\"robots\" content=\"index, follow, max-snippet:-1, max-image-preview:large, max-video-preview:-1\" \/>\n<link rel=\"canonical\" href=\"https:\/\/cotxesegonama.com\/index.php\/producto\/mercedes-benz\/\" \/>\n<meta property=\"og:locale\" content=\"es_ES\" \/>\n<meta property=\"og:type\" content=\"article\" \/>\n<meta property=\"og:title\" content=\"Mercedes-Benz Citan 2020 - Cotxesegonama.com\" \/>\n<meta property=\"og:description\" content=\"Mercedes-Benz CitanMercedes Citan Cotxe en molt bon estat, revisions i manteniment al diaDe gasoil, poc consum Carrega \u00fatil 1550 kg Disposa de dues places i una porta lateral de desc\u00e0rrega\" \/>\n<meta property=\"og:url\" content=\"https:\/\/cotxesegonama.com\/index.php\/producto\/mercedes-benz\/\" \/>\n<meta property=\"og:site_name\" content=\"Cotxesegonama.com\" \/>\n<meta property=\"article:modified_time\" content=\"2024-07-21T21:29:47+00:00\" \/>\n<meta property=\"og:image\" content=\"https:\/\/cotxesegonama.com\/wp-content\/uploads\/2024\/07\/i5021448661.jpg.webp\" \/>\n\t<meta property=\"og:image:width\" content=\"640\" \/>\n\t<meta property=\"og:image:height\" content=\"530\" \/>\n\t<meta property=\"og:image:type\" content=\"image\/webp\" \/>\n<meta name=\"twitter:card\" content=\"summary_large_image\" \/>\n<meta name=\"twitter:label1\" content=\"Tiempo de lectura\" \/>\n\t<meta name=\"twitter:data1\" content=\"3 minutos\" \/>\n<script type=\"application\/ld+json\" class=\"yoast-schema-graph\">{\"@context\":\"https:\/\/schema.org\",\"@graph\":[{\"@type\":\"WebPage\",\"@id\":\"https:\/\/cotxesegonama.com\/index.php\/producto\/mercedes-benz\/\",\"url\":\"https:\/\/cotxesegonama.com\/index.php\/producto\/mercedes-benz\/\",\"name\":\"Mercedes-Benz Citan 2020 - Cotxesegonama.com\",\"isPartOf\":{\"@id\":\"https:\/\/cotxesegonama.com\/#website\"},\"primaryImageOfPage\":{\"@id\":\"https:\/\/cotxesegonama.com\/index.php\/producto\/mercedes-benz\/#primaryimage\"},\"image\":{\"@id\":\"https:\/\/cotxesegonama.com\/index.php\/producto\/mercedes-benz\/#primaryimage\"},\"thumbnailUrl\":\"https:\/\/cotxesegonama.com\/wp-content\/uploads\/2024\/07\/i5021448661.jpg.webp\",\"datePublished\":\"2024-07-21T21:21:57+00:00\",\"dateModified\":\"2024-07-21T21:29:47+00:00\",\"description\":\"Mercedes-Benz CitanMercedes Citan Cotxe en molt bon estat, revisions i manteniment al diaDe gasoil, poc consum Carrega \u00fatil 1550 kg Disposa de dues places i una porta lateral de desc\u00e0rrega\",\"breadcrumb\":{\"@id\":\"https:\/\/cotxesegonama.com\/index.php\/producto\/mercedes-benz\/#breadcrumb\"},\"inLanguage\":\"es\",\"potentialAction\":[{\"@type\":\"ReadAction\",\"target\":[\"https:\/\/cotxesegonama.com\/index.php\/producto\/mercedes-benz\/\"]}]},{\"@type\":\"ImageObject\",\"inLanguage\":\"es\",\"@id\":\"https:\/\/cotxesegonama.com\/index.php\/producto\/mercedes-benz\/#primaryimage\",\"url\":\"https:\/\/cotxesegonama.com\/wp-content\/uploads\/2024\/07\/i5021448661.jpg.webp\",\"contentUrl\":\"https:\/\/cotxesegonama.com\/wp-content\/uploads\/2024\/07\/i5021448661.jpg.webp\",\"width\":640,\"height\":530,\"caption\":\"Mercedes-Benz Citan\"},{\"@type\":\"BreadcrumbList\",\"@id\":\"https:\/\/cotxesegonama.com\/index.php\/producto\/mercedes-benz\/#breadcrumb\",\"itemListElement\":[{\"@type\":\"ListItem\",\"position\":1,\"name\":\"Portada\",\"item\":\"https:\/\/cotxesegonama.com\/\"},{\"@type\":\"ListItem\",\"position\":2,\"name\":\"Cat\u00e1logo\",\"item\":\"https:\/\/cotxesegonama.com\/\"},{\"@type\":\"ListItem\",\"position\":3,\"name\":\"Mercedes-Benz Citan 2020\"}]},{\"@type\":\"WebSite\",\"@id\":\"https:\/\/cotxesegonama.com\/#website\",\"url\":\"https:\/\/cotxesegonama.com\/\",\"name\":\"Cotxesegonama.com\",\"description\":\"Cotxesegonama.com by XO Autom\u00f2bils\",\"potentialAction\":[{\"@type\":\"SearchAction\",\"target\":{\"@type\":\"EntryPoint\",\"urlTemplate\":\"https:\/\/cotxesegonama.com\/?s={search_term_string}\"},\"query-input\":{\"@type\":\"PropertyValueSpecification\",\"valueRequired\":true,\"valueName\":\"search_term_string\"}}],\"inLanguage\":\"es\"}]}<\/script>\n<!-- \/ Yoast SEO plugin. -->","yoast_head_json":{"title":"Mercedes-Benz Citan 2020 - Cotxesegonama.com","description":"Mercedes-Benz CitanMercedes Citan Cotxe en molt bon estat, revisions i manteniment al diaDe gasoil, poc consum Carrega \u00fatil 1550 kg Disposa de dues places i una porta lateral de desc\u00e0rrega","robots":{"index":"index","follow":"follow","max-snippet":"max-snippet:-1","max-image-preview":"max-image-preview:large","max-video-preview":"max-video-preview:-1"},"canonical":"https:\/\/cotxesegonama.com\/index.php\/producto\/mercedes-benz\/","og_locale":"es_ES","og_type":"article","og_title":"Mercedes-Benz Citan 2020 - Cotxesegonama.com","og_description":"Mercedes-Benz CitanMercedes Citan Cotxe en molt bon estat, revisions i manteniment al diaDe gasoil, poc consum Carrega \u00fatil 1550 kg Disposa de dues places i una porta lateral de desc\u00e0rrega","og_url":"https:\/\/cotxesegonama.com\/index.php\/producto\/mercedes-benz\/","og_site_name":"Cotxesegonama.com","article_modified_time":"2024-07-21T21:29:47+00:00","og_image":[{"width":640,"height":530,"url":"https:\/\/cotxesegonama.com\/wp-content\/uploads\/2024\/07\/i5021448661.jpg.webp","type":"image\/webp"}],"twitter_card":"summary_large_image","twitter_misc":{"Tiempo de lectura":"3 minutos"},"schema":{"@context":"https:\/\/schema.org","@graph":[{"@type":"WebPage","@id":"https:\/\/cotxesegonama.com\/index.php\/producto\/mercedes-benz\/","url":"https:\/\/cotxesegonama.com\/index.php\/producto\/mercedes-benz\/","name":"Mercedes-Benz Citan 2020 - Cotxesegonama.com","isPartOf":{"@id":"https:\/\/cotxesegonama.com\/#website"},"primaryImageOfPage":{"@id":"https:\/\/cotxesegonama.com\/index.php\/producto\/mercedes-benz\/#primaryimage"},"image":{"@id":"https:\/\/cotxesegonama.com\/index.php\/producto\/mercedes-benz\/#primaryimage"},"thumbnailUrl":"https:\/\/cotxesegonama.com\/wp-content\/uploads\/2024\/07\/i5021448661.jpg.webp","datePublished":"2024-07-21T21:21:57+00:00","dateModified":"2024-07-21T21:29:47+00:00","description":"Mercedes-Benz CitanMercedes Citan Cotxe en molt bon estat, revisions i manteniment al diaDe gasoil, poc consum Carrega \u00fatil 1550 kg Disposa de dues places i una porta lateral de desc\u00e0rrega","breadcrumb":{"@id":"https:\/\/cotxesegonama.com\/index.php\/producto\/mercedes-benz\/#breadcrumb"},"inLanguage":"es","potentialAction":[{"@type":"ReadAction","target":["https:\/\/cotxesegonama.com\/index.php\/producto\/mercedes-benz\/"]}]},{"@type":"ImageObject","inLanguage":"es","@id":"https:\/\/cotxesegonama.com\/index.php\/producto\/mercedes-benz\/#primaryimage","url":"https:\/\/cotxesegonama.com\/wp-content\/uploads\/2024\/07\/i5021448661.jpg.webp","contentUrl":"https:\/\/cotxesegonama.com\/wp-content\/uploads\/2024\/07\/i5021448661.jpg.webp","width":640,"height":530,"caption":"Mercedes-Benz Citan"},{"@type":"BreadcrumbList","@id":"https:\/\/cotxesegonama.com\/index.php\/producto\/mercedes-benz\/#breadcrumb","itemListElement":[{"@type":"ListItem","position":1,"name":"Portada","item":"https:\/\/cotxesegonama.com\/"},{"@type":"ListItem","position":2,"name":"Cat\u00e1logo","item":"https:\/\/cotxesegonama.com\/"},{"@type":"ListItem","position":3,"name":"Mercedes-Benz Citan 2020"}]},{"@type":"WebSite","@id":"https:\/\/cotxesegonama.com\/#website","url":"https:\/\/cotxesegonama.com\/","name":"Cotxesegonama.com","description":"Cotxesegonama.com by XO Autom\u00f2bils","potentialAction":[{"@type":"SearchAction","target":{"@type":"EntryPoint","urlTemplate":"https:\/\/cotxesegonama.com\/?s={search_term_string}"},"query-input":{"@type":"PropertyValueSpecification","valueRequired":true,"valueName":"search_term_string"}}],"inLanguage":"es"}]}},"_links":{"self":[{"href":"https:\/\/cotxesegonama.com\/index.php\/wp-json\/wp\/v2\/product\/1761","targetHints":{"allow":["GET"]}}],"collection":[{"href":"https:\/\/cotxesegonama.com\/index.php\/wp-json\/wp\/v2\/product"}],"about":[{"href":"https:\/\/cotxesegonama.com\/index.php\/wp-json\/wp\/v2\/types\/product"}],"version-history":[{"count":1,"href":"https:\/\/cotxesegonama.com\/index.php\/wp-json\/wp\/v2\/product\/1761\/revisions"}],"predecessor-version":[{"id":1772,"href":"https:\/\/cotxesegonama.com\/index.php\/wp-json\/wp\/v2\/product\/1761\/revisions\/1772"}],"wp:featuredmedia":[{"embeddable":true,"href":"https:\/\/cotxesegonama.com\/index.php\/wp-json\/wp\/v2\/media\/1762"}],"wp:attachment":[{"href":"https:\/\/cotxesegonama.com\/index.php\/wp-json\/wp\/v2\/media?parent=1761"}],"wp:term":[{"taxonomy":"product_cat","embeddable":true,"href":"https:\/\/cotxesegonama.com\/index.php\/wp-json\/wp\/v2\/product_cat?post=1761"},{"taxonomy":"product_tag","embeddable":true,"href":"https:\/\/cotxesegonama.com\/index.php\/wp-json\/wp\/v2\/product_tag?post=1761"}],"curies":[{"name":"wp","href":"https:\/\/api.w.org\/{rel}","templated":true}]}}